{"id":1810,"date":"2022-08-22T12:04:23","date_gmt":"2022-08-22T10:04:23","guid":{"rendered":"https:\/\/www.carmeuseoverseas.com\/cookie-policy\/"},"modified":"2024-12-02T15:46:32","modified_gmt":"2024-12-02T14:46:32","slug":"politique-des-cookies","status":"publish","type":"page","link":"https:\/\/www.carmeuseoverseas.com\/fr\/politique-des-cookies\/","title":{"rendered":"Politique en mati\u00e8re de cookies"},"content":{"rendered":"<div class=\"fusion-fullwidth fullwidth-box fusion-builder-row-1 fusion-flex-container has-pattern-background has-mask-background nonhundred-percent-fullwidth non-hundred-percent-height-scrolling\" style=\"--awb-border-radius-top-left:0px;--awb-border-radius-top-right:0px;--awb-border-radius-bottom-right:0px;--awb-border-radius-bottom-left:0px;--awb-margin-top:60px;--awb-margin-top-small:35px;--awb-flex-wrap:wrap;\" ><div class=\"fusion-builder-row fusion-row fusion-flex-align-items-flex-start fusion-flex-content-wrap\" style=\"max-width:1216.8px;margin-left: calc(-4% \/ 2 );margin-right: calc(-4% \/ 2 );\"><div class=\"fusion-layout-column fusion_builder_column fusion-builder-column-0 fusion_builder_column_1_1 1_1 fusion-flex-column\" style=\"--awb-bg-size:cover;--awb-width-large:100%;--awb-margin-top-large:0px;--awb-spacing-right-large:1.92%;--awb-margin-bottom-large:20px;--awb-spacing-left-large:1.92%;--awb-width-medium:100%;--awb-order-medium:0;--awb-spacing-right-medium:1.92%;--awb-spacing-left-medium:1.92%;--awb-width-small:100%;--awb-order-small:0;--awb-spacing-right-small:1.92%;--awb-spacing-left-small:1.92%;\"><div class=\"fusion-column-wrapper fusion-column-has-shadow fusion-flex-justify-content-flex-start fusion-content-layout-column\"><div class=\"fusion-text fusion-text-1\"><p><strong>QUELS TYPES DE COOKIES SONT UTILIS\u00c9S ?<\/strong><\/p>\n<p>Un cookie peut \u00eatre class\u00e9 selon sa dur\u00e9e de vie, son objectif et le domaine auquel il appartient.<\/p>\n<p>Par dur\u00e9e de vie, un cookie est soit un :<\/p>\n<ul>\n<li>Cookie de session qui est effac\u00e9 lorsque l&rsquo;utilisateur ferme son navigateur.<\/li>\n<li>Cookie persistant qui reste sur l&rsquo;ordinateur\/appareil de l&rsquo;utilisateur pendant une p\u00e9riode pr\u00e9d\u00e9finie.<\/li>\n<\/ul>\n<p>Quant au domaine auquel il appartient, il y en a soit :<\/p>\n<ul>\n<li>Les cookies de premi\u00e8re partie qui sont d\u00e9finis par le serveur web de la page visit\u00e9e et partagent le m\u00eame domaine.<\/li>\n<li>Les cookie de tierce partie stock\u00e9 par un domaine diff\u00e9rent de celui de la page visit\u00e9e. Cela peut se produire lorsque la page Web fait r\u00e9f\u00e9rence \u00e0 un fichier, tel que JavaScript, situ\u00e9 en dehors de son domaine.<\/li>\n<\/ul>\n<p>Ces cookies sont :<\/p>\n<ul>\n<li>Cookies n\u00e9cessaires &#8211; cookies qui permettent le fonctionnement technique du site web et de ses fonctionnalit\u00e9s ;<\/li>\n<li>Cookies analytiques \/ de performance &#8211; cookies qui collectent des donn\u00e9es sur les performances du site web et la fa\u00e7on dont vous utilisez notre site web. Ces cookies nous permettent d&rsquo;am\u00e9liorer le fonctionnement du site web ;<\/li>\n<li>Cookies de fonctionnalit\u00e9 &#8211; cookies qui permettent au site web de se souvenir des choix que vous faites (tels que votre langue) et de fournir des fonctionnalit\u00e9s am\u00e9lior\u00e9es ou personnalis\u00e9es.<\/li>\n<\/ul>\n<p>Vous y trouverez des informations utiles sur les aspects techniques de Cookie :\u00a0<a href=\"http:\/\/www.allaboutcookies.org\/\">http:\/\/www.allaboutcookies.org<\/a><\/p>\n<p><strong>Cookies utilis\u00e9s sur ce site web<\/strong><\/p>\n<p>Un aper\u00e7u des cookies utilis\u00e9s sur ce site web est pr\u00e9sent\u00e9 dans le tableau suivant :<\/p>\n<table class=\"cmo_cookie_table\">\n<thead>\n<tr>\n<th style=\"text-align: left;\"><strong>Nom<\/strong><\/th>\n<th style=\"text-align: left;\"><strong>Partenaire<\/strong><\/th>\n<th style=\"text-align: left;\"><strong>But<\/strong><\/th>\n<th style=\"text-align: left;\"><strong>Type<\/strong><\/th>\n<th style=\"text-align: left;\"><strong>Dur\u00e9e de vie<\/strong><\/th>\n<\/tr>\n<\/thead>\n<tbody>\n<tr>\n<td>cookie-agreed-en<\/td>\n<td>Carmeuse Europe<\/td>\n<td>Ce cookie est plac\u00e9 lorsque le visiteur accepte le consentement des cookies.<\/td>\n<td>Technique<\/td>\n<td>100 jours<\/td>\n<\/tr>\n<tr>\n<td>has_js<\/td>\n<td>Carmeuse Europe<\/td>\n<td>Utilis\u00e9 par Drupal pour d\u00e9tecter si JavaScript est activ\u00e9.<\/td>\n<td>Technique<\/td>\n<td>session<\/td>\n<\/tr>\n<tr>\n<td>language<\/td>\n<td>Carmeuse Europe<\/td>\n<td>Ce cookie est utilis\u00e9 pour enregistrer votre langue.<\/td>\n<td>Technique<\/td>\n<td>1 an<\/td>\n<\/tr>\n<tr>\n<td>_sm_au_c<\/td>\n<td>Cloudflare<\/td>\n<td>Ce cookie est utilis\u00e9 pour acc\u00e9l\u00e9rer la diffusion du contenu.<\/td>\n<td>Partie tierce<\/td>\n<td><\/td>\n<\/tr>\n<tr>\n<td>PREF<\/td>\n<td>Google<\/td>\n<td>Analyser les donn\u00e9es relatives \u00e0 la performance marketing.<\/td>\n<td>Partie tierce<\/td>\n<td><\/td>\n<\/tr>\n<tr>\n<td>__utma<\/td>\n<td>Google Analytics<\/td>\n<td>Ce cookie est g\u00e9n\u00e9ralement enregistr\u00e9 dans le navigateur lors de la premi\u00e8re visite. Si le cookie a \u00e9t\u00e9 supprim\u00e9 par l&rsquo;op\u00e9rateur du navigateur, un nouveau cookie __utma est \u00e9crit avec un ID unique diff\u00e9rent. Dans la plupart des cas, ce cookie est utilis\u00e9 pour d\u00e9terminer les visiteurs uniques de strategy-business.com, et il est mis \u00e0 jour \u00e0 chaque consultation de page. En outre, ce cookie est dot\u00e9 d&rsquo;un identifiant unique que Google Analytics utilise pour garantir \u00e0 la fois la validit\u00e9 et l&rsquo;accessibilit\u00e9 du cookie, \u00e0 titre de mesure de s\u00e9curit\u00e9 suppl\u00e9mentaire.<\/td>\n<td>Suivi<\/td>\n<td>2 ans<\/td>\n<\/tr>\n<tr>\n<td>__utmb<\/td>\n<td>Google Analytics<\/td>\n<td>Ce cookie est g\u00e9n\u00e9ralement enregistr\u00e9 dans le navigateur lors de la premi\u00e8re visite. Si le cookie a \u00e9t\u00e9 supprim\u00e9 par l&rsquo;op\u00e9rateur du navigateur, un nouveau cookie __utma est \u00e9crit avec un ID unique diff\u00e9rent. Dans la plupart des cas, ce cookie est utilis\u00e9 pour d\u00e9terminer les visiteurs uniques de strategy-business.com, et il est mis \u00e0 jour \u00e0 chaque consultation de page. En outre, ce cookie est dot\u00e9 d&rsquo;un identifiant unique que Google Analytics utilise pour garantir \u00e0 la fois la validit\u00e9 et l&rsquo;accessibilit\u00e9 du cookie, \u00e0 titre de mesure de s\u00e9curit\u00e9 suppl\u00e9mentaire.<\/td>\n<td>Suivi<\/td>\n<td>30 minutes<\/td>\n<\/tr>\n<tr>\n<td>__utmc<\/td>\n<td>Google Analytics<\/td>\n<td>Historiquement, ce cookie fonctionnait conjointement avec le cookie __utmb pour d\u00e9terminer s&rsquo;il fallait ou non \u00e9tablir une nouvelle session pour l&rsquo;utilisateur. \u00c0 des fins de r\u00e9trocompatibilit\u00e9 avec les sites utilisant toujours le code de suivi urchin.js, ce cookie continuera d&rsquo;\u00eatre \u00e9crit et expirera lorsque l&rsquo;utilisateur quittera le navigateur. Toutefois, si vous d\u00e9boguez le suivi de votre site et que vous utilisez le code de suivi ga.js, vous ne devez pas interpr\u00e9ter l&rsquo;existence de ce cookie en relation avec une nouvelle session ou une session expir\u00e9e.<\/td>\n<td>Suivi<\/td>\n<td><\/td>\n<\/tr>\n<tr>\n<td>__utmt<\/td>\n<td>Google Analytics<\/td>\n<td>utilis\u00e9 pour limiter le taux de demande du service<\/td>\n<td>Suivi<\/td>\n<td>10 minutes<\/td>\n<\/tr>\n<tr>\n<td>__utmz<\/td>\n<td>Google Analytics<\/td>\n<td>Ce cookie enregistre le type de r\u00e9f\u00e9rence utilis\u00e9 par le visiteur pour atteindre ce site Web, que ce soit par une m\u00e9thode directe, un lien de r\u00e9f\u00e9rence, une recherche sur le site Web ou une campagne telle qu&rsquo;une publicit\u00e9 ou un lien de courrier \u00e9lectronique. Il est utilis\u00e9 pour calculer le trafic des moteurs de recherche, les campagnes publicitaires et la navigation des pages de ce site Web. Le cookie est mis \u00e0 jour \u00e0 chaque page consult\u00e9e sur ce site web.<\/td>\n<td>Suivi<\/td>\n<td>6 mois<\/td>\n<\/tr>\n<tr>\n<td>_ga<\/td>\n<td>Google Analytics<\/td>\n<td>Utilis\u00e9 pour distinguer les utilisateurs.<\/td>\n<td>Suivi<\/td>\n<td>2 ans<\/td>\n<\/tr>\n<tr>\n<td>_gat<\/td>\n<td>Google Analytics<\/td>\n<td>Utilis\u00e9 pour limiter le taux de demande.<\/td>\n<td>Suivi<\/td>\n<td>1 minute<\/td>\n<\/tr>\n<tr>\n<td>_gid<\/td>\n<td>Google Analytics<\/td>\n<td>Utilis\u00e9 pour distinguer les utilisateurs.<\/td>\n<td>Suivi<\/td>\n<td>1 jour<\/td>\n<\/tr>\n<\/tbody>\n<\/table>\n<p><strong>Vous pouvez emp\u00eacher la mise en place des cookies en modifiant les param\u00e8tres de votre navigateur.Param\u00e8tres de configuration des cookies.<\/strong><\/p>\n<p>Les param\u00e8tres des cookies peuvent varier d&rsquo;un navigateur \u00e0 l&rsquo;autre. Consultez donc le menu \u00ab\u00a0Aide\u00a0\u00bb de votre navigateur pour savoir comment modifier vos pr\u00e9f\u00e9rences en mati\u00e8re de cookies. En outre, vous pouvez trouver des informations sur la mani\u00e8re de g\u00e9rer les cookies dans le navigateur aux adresses suivantes :<\/p>\n<p><a href=\"https:\/\/support.microsoft.com\/en-us\/help\/17442\/windows-internet-explorer-delete-manage-cookies\">Internet Explorer<\/a><\/p>\n<p><a href=\"https:\/\/support.google.com\/chrome\/answer\/95647?hl=en-GB&amp;hlrm=fr\">Google Chrome<\/a><\/p>\n<p><a href=\"https:\/\/support.mozilla.org\/en-US\/kb\/cookies-information-websites-store-on-your-computer\">Mozilla Firefox<\/a><\/p>\n<p><a href=\"https:\/\/support.apple.com\/kb\/PH5049?locale=en_US\">Safari<\/a><\/p>\n<p><a href=\"http:\/\/www.macromedia.com\/support\/documentation\/en\/flashplayer\/help\/settings_manager06.html\">Adobe Flash Player<\/a><\/p>\n<\/div><\/div><\/div><\/div><\/div>\n","protected":false},"excerpt":{"rendered":"","protected":false},"author":1,"featured_media":0,"parent":0,"menu_order":0,"comment_status":"closed","ping_status":"closed","template":"100-width.php","meta":{"two_page_speed":[],"footnotes":""},"class_list":["post-1810","page","type-page","status-publish","hentry"],"yoast_head":"<!-- This site is optimized with the Yoast SEO plugin v27.5 - https:\/\/yoast.com\/product\/yoast-seo-wordpress\/ -->\n<title>Politique des cookies - Carmeuse overseas<\/title>\n<meta name=\"description\" content=\"D\u00e9couvrez notre politique de cookies : types, objectifs et dur\u00e9es de vie des cookies utilis\u00e9s sur notre site.\" \/>\n<meta name=\"robots\" content=\"index, follow, max-snippet:-1, max-image-preview:large, max-video-preview:-1\" \/>\n<link rel=\"canonical\" href=\"https:\/\/www.carmeuseoverseas.com\/fr\/politique-des-cookies\/\" \/>\n<meta property=\"og:locale\" content=\"fr_FR\" \/>\n<meta property=\"og:type\" content=\"article\" \/>\n<meta property=\"og:title\" content=\"Politique des cookies - Carmeuse overseas\" \/>\n<meta property=\"og:description\" content=\"D\u00e9couvrez notre politique de cookies : types, objectifs et dur\u00e9es de vie des cookies utilis\u00e9s sur notre site.\" \/>\n<meta property=\"og:url\" content=\"https:\/\/www.carmeuseoverseas.com\/fr\/politique-des-cookies\/\" \/>\n<meta property=\"og:site_name\" content=\"Carmeuse Overseas\" \/>\n<meta property=\"article:modified_time\" content=\"2024-12-02T14:46:32+00:00\" \/>\n<meta name=\"twitter:card\" content=\"summary_large_image\" \/>\n<meta name=\"twitter:label1\" content=\"Dur\u00e9e de lecture estim\u00e9e\" \/>\n\t<meta name=\"twitter:data1\" content=\"4 minutes\" \/>\n<script type=\"application\/ld+json\" class=\"yoast-schema-graph\">{\"@context\":\"https:\\\/\\\/schema.org\",\"@graph\":[{\"@type\":\"WebPage\",\"@id\":\"https:\\\/\\\/www.carmeuseoverseas.com\\\/fr\\\/politique-des-cookies\\\/\",\"url\":\"https:\\\/\\\/www.carmeuseoverseas.com\\\/fr\\\/politique-des-cookies\\\/\",\"name\":\"Politique des cookies - Carmeuse overseas\",\"isPartOf\":{\"@id\":\"https:\\\/\\\/www.carmeuseoverseas.com\\\/fr\\\/#website\"},\"datePublished\":\"2022-08-22T10:04:23+00:00\",\"dateModified\":\"2024-12-02T14:46:32+00:00\",\"description\":\"D\u00e9couvrez notre politique de cookies : types, objectifs et dur\u00e9es de vie des cookies utilis\u00e9s sur notre site.\",\"breadcrumb\":{\"@id\":\"https:\\\/\\\/www.carmeuseoverseas.com\\\/fr\\\/politique-des-cookies\\\/#breadcrumb\"},\"inLanguage\":\"fr-FR\",\"potentialAction\":[{\"@type\":\"ReadAction\",\"target\":[\"https:\\\/\\\/www.carmeuseoverseas.com\\\/fr\\\/politique-des-cookies\\\/\"]}]},{\"@type\":\"BreadcrumbList\",\"@id\":\"https:\\\/\\\/www.carmeuseoverseas.com\\\/fr\\\/politique-des-cookies\\\/#breadcrumb\",\"itemListElement\":[{\"@type\":\"ListItem\",\"position\":1,\"name\":\"Home\",\"item\":\"https:\\\/\\\/www.carmeuseoverseas.com\\\/fr\\\/\"},{\"@type\":\"ListItem\",\"position\":2,\"name\":\"Politique en mati\u00e8re de cookies\"}]},{\"@type\":\"WebSite\",\"@id\":\"https:\\\/\\\/www.carmeuseoverseas.com\\\/fr\\\/#website\",\"url\":\"https:\\\/\\\/www.carmeuseoverseas.com\\\/fr\\\/\",\"name\":\"Carmeuse Overseas\",\"description\":\"Lime Supply Revolutionised\",\"potentialAction\":[{\"@type\":\"SearchAction\",\"target\":{\"@type\":\"EntryPoint\",\"urlTemplate\":\"https:\\\/\\\/www.carmeuseoverseas.com\\\/fr\\\/?s={search_term_string}\"},\"query-input\":{\"@type\":\"PropertyValueSpecification\",\"valueRequired\":true,\"valueName\":\"search_term_string\"}}],\"inLanguage\":\"fr-FR\"}]}<\/script>\n<!-- \/ Yoast SEO plugin. -->","yoast_head_json":{"title":"Politique des cookies - Carmeuse overseas","description":"D\u00e9couvrez notre politique de cookies : types, objectifs et dur\u00e9es de vie des cookies utilis\u00e9s sur notre site.","robots":{"index":"index","follow":"follow","max-snippet":"max-snippet:-1","max-image-preview":"max-image-preview:large","max-video-preview":"max-video-preview:-1"},"canonical":"https:\/\/www.carmeuseoverseas.com\/fr\/politique-des-cookies\/","og_locale":"fr_FR","og_type":"article","og_title":"Politique des cookies - Carmeuse overseas","og_description":"D\u00e9couvrez notre politique de cookies : types, objectifs et dur\u00e9es de vie des cookies utilis\u00e9s sur notre site.","og_url":"https:\/\/www.carmeuseoverseas.com\/fr\/politique-des-cookies\/","og_site_name":"Carmeuse Overseas","article_modified_time":"2024-12-02T14:46:32+00:00","twitter_card":"summary_large_image","twitter_misc":{"Dur\u00e9e de lecture estim\u00e9e":"4 minutes"},"schema":{"@context":"https:\/\/schema.org","@graph":[{"@type":"WebPage","@id":"https:\/\/www.carmeuseoverseas.com\/fr\/politique-des-cookies\/","url":"https:\/\/www.carmeuseoverseas.com\/fr\/politique-des-cookies\/","name":"Politique des cookies - Carmeuse overseas","isPartOf":{"@id":"https:\/\/www.carmeuseoverseas.com\/fr\/#website"},"datePublished":"2022-08-22T10:04:23+00:00","dateModified":"2024-12-02T14:46:32+00:00","description":"D\u00e9couvrez notre politique de cookies : types, objectifs et dur\u00e9es de vie des cookies utilis\u00e9s sur notre site.","breadcrumb":{"@id":"https:\/\/www.carmeuseoverseas.com\/fr\/politique-des-cookies\/#breadcrumb"},"inLanguage":"fr-FR","potentialAction":[{"@type":"ReadAction","target":["https:\/\/www.carmeuseoverseas.com\/fr\/politique-des-cookies\/"]}]},{"@type":"BreadcrumbList","@id":"https:\/\/www.carmeuseoverseas.com\/fr\/politique-des-cookies\/#breadcrumb","itemListElement":[{"@type":"ListItem","position":1,"name":"Home","item":"https:\/\/www.carmeuseoverseas.com\/fr\/"},{"@type":"ListItem","position":2,"name":"Politique en mati\u00e8re de cookies"}]},{"@type":"WebSite","@id":"https:\/\/www.carmeuseoverseas.com\/fr\/#website","url":"https:\/\/www.carmeuseoverseas.com\/fr\/","name":"Carmeuse Overseas","description":"Lime Supply Revolutionised","potentialAction":[{"@type":"SearchAction","target":{"@type":"EntryPoint","urlTemplate":"https:\/\/www.carmeuseoverseas.com\/fr\/?s={search_term_string}"},"query-input":{"@type":"PropertyValueSpecification","valueRequired":true,"valueName":"search_term_string"}}],"inLanguage":"fr-FR"}]}},"_links":{"self":[{"href":"https:\/\/www.carmeuseoverseas.com\/fr\/wp-json\/wp\/v2\/pages\/1810","targetHints":{"allow":["GET"]}}],"collection":[{"href":"https:\/\/www.carmeuseoverseas.com\/fr\/wp-json\/wp\/v2\/pages"}],"about":[{"href":"https:\/\/www.carmeuseoverseas.com\/fr\/wp-json\/wp\/v2\/types\/page"}],"author":[{"embeddable":true,"href":"https:\/\/www.carmeuseoverseas.com\/fr\/wp-json\/wp\/v2\/users\/1"}],"replies":[{"embeddable":true,"href":"https:\/\/www.carmeuseoverseas.com\/fr\/wp-json\/wp\/v2\/comments?post=1810"}],"version-history":[{"count":11,"href":"https:\/\/www.carmeuseoverseas.com\/fr\/wp-json\/wp\/v2\/pages\/1810\/revisions"}],"predecessor-version":[{"id":1833,"href":"https:\/\/www.carmeuseoverseas.com\/fr\/wp-json\/wp\/v2\/pages\/1810\/revisions\/1833"}],"wp:attachment":[{"href":"https:\/\/www.carmeuseoverseas.com\/fr\/wp-json\/wp\/v2\/media?parent=1810"}],"curies":[{"name":"wp","href":"https:\/\/api.w.org\/{rel}","templated":true}]}}