{"id":1946,"date":"2023-05-12T09:13:14","date_gmt":"2023-05-12T07:13:14","guid":{"rendered":"https:\/\/www.carmeuseoverseas.com\/comment-sexprimer\/"},"modified":"2024-12-02T15:39:38","modified_gmt":"2024-12-02T14:39:38","slug":"exprimez-vous","status":"publish","type":"page","link":"https:\/\/www.carmeuseoverseas.com\/fr\/exprimez-vous\/","title":{"rendered":"Comment s\u2019exprimer?"},"content":{"rendered":"<div class=\"fusion-fullwidth fullwidth-box fusion-builder-row-1 fusion-flex-container has-pattern-background has-mask-background nonhundred-percent-fullwidth non-hundred-percent-height-scrolling\" style=\"--awb-border-radius-top-left:0px;--awb-border-radius-top-right:0px;--awb-border-radius-bottom-right:0px;--awb-border-radius-bottom-left:0px;--awb-margin-top:60px;--awb-margin-top-small:35px;--awb-flex-wrap:wrap;\" ><div class=\"fusion-builder-row fusion-row fusion-flex-align-items-flex-start fusion-flex-content-wrap\" style=\"max-width:1216.8px;margin-left: calc(-4% \/ 2 );margin-right: calc(-4% \/ 2 );\"><div class=\"fusion-layout-column fusion_builder_column fusion-builder-column-0 fusion_builder_column_1_1 1_1 fusion-flex-column\" style=\"--awb-bg-size:cover;--awb-width-large:100%;--awb-margin-top-large:0px;--awb-spacing-right-large:1.92%;--awb-margin-bottom-large:20px;--awb-spacing-left-large:1.92%;--awb-width-medium:100%;--awb-order-medium:0;--awb-spacing-right-medium:1.92%;--awb-spacing-left-medium:1.92%;--awb-width-small:100%;--awb-order-small:0;--awb-spacing-right-small:1.92%;--awb-spacing-left-small:1.92%;\"><div class=\"fusion-column-wrapper fusion-column-has-shadow fusion-flex-justify-content-flex-start fusion-content-layout-column\"><div class=\"fusion-text fusion-text-1\"><p><strong>Avis important :<\/strong> Si votre message n&rsquo;est pas li\u00e9 \u00e0 des probl\u00e8mes de non-respect, veuillez nous contacter.<\/p>\n<h3>Comment signaler un probl\u00e8me de conformit\u00e9?<\/h3>\n<p>1. Utilisez un <strong>formulaire Web<\/strong> sur ce<a href=\"https:\/\/carmeuse.speakup.report\/compliance\"><strong> site internet<\/strong><\/a>. Afin de faciliter un examen rapide et efficace de vos pr\u00e9occupations en mati\u00e8re de non-respect, veuillez inclure une description d\u00e9taill\u00e9e de vos pr\u00e9occupations (qui, quoi, quand, comment) et des preuves \u00e0 l&rsquo;appui (p. ex. copies de documents, captures d\u2019\u00e9cran ou noms de t\u00e9moins) qui peuvent corroborer votre rapport. Veuillez noter que les affirmations g\u00e9n\u00e9rales ne peuvent pas faire l&rsquo;objet d&rsquo;une enqu\u00eate.<\/p>\n<p>2. Vous recevrez un <strong>num\u00e9ro de dossier individuel<\/strong>. Veuillez noter le num\u00e9ro et le garder en s\u00e9curit\u00e9.<\/p>\n<p>3. Ce num\u00e9ro de dossier est votre cl\u00e9 personnelle du syst\u00e8me Speak-Up et du rapport que vous avez d\u00e9pos\u00e9. Il vous permet de suivre l&rsquo;\u00e9volution de votre dossier et de fournir des renseignements suppl\u00e9mentaires. On vous demandera d&rsquo;entrer ce num\u00e9ro chaque fois que vous acc\u00e9derez au syst\u00e8me.<\/p>\n<p>4. Nous prenons au s\u00e9rieux toutes les pr\u00e9occupations relatives au non-respect et nous prendrons les mesures appropri\u00e9es pour chaque rapport. Nous vous tiendrons inform\u00e9s de nos progr\u00e8s tout au long du traitement de vos pr\u00e9occupations.<\/p>\n<p>5. \u00c0 tout moment, vous pouvez retourner sur le<a href=\"https:\/\/carmeuse.speakup.report\/compliance\"><strong> site Web<\/strong><\/a> et suivre l&rsquo;\u00e9volution de votre dossier en utilisant votre num\u00e9ro de dossier.<\/p>\n<\/div><div ><a class=\"fusion-button button-flat fusion-button-default-size button-custom fusion-button-default button-1 fusion-button-default-span fusion-button-default-type\" style=\"--button_accent_color:var(--awb-color1);--button_border_color:var(--awb-custom_color_3);--button_accent_hover_color:var(--awb-color1);--button_border_hover_color:var(--awb-color5);--button-border-radius-top-left:50px;--button-border-radius-top-right:50px;--button-border-radius-bottom-right:50px;--button-border-radius-bottom-left:50px;--button_gradient_top_color:var(--awb-custom_color_3);--button_gradient_bottom_color:var(--awb-custom_color_3);--button_gradient_top_color_hover:var(--awb-color5);--button_gradient_bottom_color_hover:var(--awb-color5);--button_text_transform:none;\" target=\"_blank\" rel=\"noopener noreferrer\" href=\"https:\/\/www.carmeuse.com\/eu-fr\/comment-sexprimer\"><span class=\"fusion-button-text awb-button__text awb-button__text--default\">SPEAK UP<\/span><\/a><\/div><div class=\"fusion-text fusion-text-2\"><h3><\/h3>\n<h3>Que se passe-t-il apr\u00e8s l\u2019envoi de mon rapport?<\/h3>\n<p><strong>1. Reconnaissance<\/strong><br \/>\nLe correspondant de Speak-Up accuse r\u00e9ception de votre message dans un d\u00e9lai de 7 jours ouvrables. Si votre rapport initial ne contient pas suffisamment de renseignements ou de preuves, il vous contactera pour vous demander de fournir plus d&rsquo;informations ou de preuves.<br \/>\nVous recevrez un num\u00e9ro de dossier individuel apr\u00e8s avoir d\u00e9pos\u00e9 votre d\u00e9claration. Ce num\u00e9ro vous permettra de suivre l&rsquo;\u00e9volution de votre rapport apr\u00e8s vous \u00eatre connect\u00e9 au syst\u00e8me Speak-Up. Veuillez suivre votre rapport sur ce <a href=\"https:\/\/carmeuse.speakup.report\/compliance\"><strong>site Web<\/strong><\/a>.<\/p>\n<p><strong>2. Triage<\/strong><br \/>\nChaque rapport fait l&rsquo;objet d&rsquo;un examen attentif. Nous ouvrirons un dossier si votre rapport contient un minimum d&rsquo;informations et de preuves pouvant donner lieu \u00e0 une action. L&rsquo;enqu\u00eate sera men\u00e9e par notre agent.<\/p>\n<p><strong>3. Enqu\u00eate confidentielle<\/strong><br \/>\nL&rsquo;enqu\u00eate sera trait\u00e9e de fa\u00e7on professionnelle et confidentielle \u2013 nous n&rsquo;impliquerons que les personnes qui ont besoin d&rsquo;\u00eatre impliqu\u00e9es. Notre agent d&rsquo;intervention peut mener des entrevues confidentielles avec des employ\u00e9s, des entrepreneurs ou toute personne qu&rsquo;il juge pertinente \u00e0 l&rsquo;enqu\u00eate. En r\u00e8gle g\u00e9n\u00e9rale, il faut environ 90 jours pour qu&rsquo;une enqu\u00eate soit men\u00e9e \u00e0 bien et il est possible qu&rsquo;une p\u00e9riode plus longue soit n\u00e9cessaire pour les questions complexes. En tout \u00e9tat de cause, les d\u00e9lais fix\u00e9s par les lois et r\u00e8glements applicables seront appliqu\u00e9s et respect\u00e9s.<\/p>\n<p><strong>4. D\u00e9cision et r\u00e9ponse<\/strong><br \/>\nApr\u00e8s avoir examin\u00e9 toutes les conclusions de notre enqu\u00eate, nous d\u00e9ciderons s&rsquo;il y a eu violation et prendrons les mesures appropri\u00e9es. Vous serez inform\u00e9 en cons\u00e9quence.<\/p>\n<p><strong>Avis important<\/strong><br \/>\nEngagement de non-repr\u00e9sailles : Carmeuse interdit toute forme de repr\u00e9sailles contre un employ\u00e9, une personne ou une entit\u00e9 et prendra des mesures en cons\u00e9quence. En outre, Carmeuse prot\u00e8ge \u00e9galement les droits des personnes concern\u00e9es.<\/p>\n<\/div><\/div><\/div><\/div><\/div>\n","protected":false},"excerpt":{"rendered":"","protected":false},"author":1,"featured_media":0,"parent":0,"menu_order":0,"comment_status":"closed","ping_status":"closed","template":"100-width.php","meta":{"two_page_speed":[],"footnotes":""},"class_list":["post-1946","page","type-page","status-publish","hentry"],"yoast_head":"<!-- This site is optimized with the Yoast SEO plugin v27.4 - https:\/\/yoast.com\/product\/yoast-seo-wordpress\/ -->\n<title>Exprimez-vous - Carmeuse Overseas<\/title>\n<meta name=\"description\" content=\"Signalez toute pr\u00e9occupation de conformit\u00e9 via notre formulaire en ligne s\u00e9curis\u00e9. Suivez l&#039;\u00e9volution de votre dossier et soyez inform\u00e9 \u00e0 chaque \u00e9tape\" \/>\n<meta name=\"robots\" content=\"index, follow, max-snippet:-1, max-image-preview:large, max-video-preview:-1\" \/>\n<link rel=\"canonical\" href=\"https:\/\/www.carmeuseoverseas.com\/fr\/exprimez-vous\/\" \/>\n<meta property=\"og:locale\" content=\"fr_FR\" \/>\n<meta property=\"og:type\" content=\"article\" \/>\n<meta property=\"og:title\" content=\"Exprimez-vous - Carmeuse Overseas\" \/>\n<meta property=\"og:description\" content=\"Signalez toute pr\u00e9occupation de conformit\u00e9 via notre formulaire en ligne s\u00e9curis\u00e9. Suivez l&#039;\u00e9volution de votre dossier et soyez inform\u00e9 \u00e0 chaque \u00e9tape\" \/>\n<meta property=\"og:url\" content=\"https:\/\/www.carmeuseoverseas.com\/fr\/exprimez-vous\/\" \/>\n<meta property=\"og:site_name\" content=\"Carmeuse Overseas\" \/>\n<meta property=\"article:modified_time\" content=\"2024-12-02T14:39:38+00:00\" \/>\n<meta name=\"twitter:card\" content=\"summary_large_image\" \/>\n<meta name=\"twitter:label1\" content=\"Dur\u00e9e de lecture estim\u00e9e\" \/>\n\t<meta name=\"twitter:data1\" content=\"3 minutes\" \/>\n<script type=\"application\/ld+json\" class=\"yoast-schema-graph\">{\"@context\":\"https:\\\/\\\/schema.org\",\"@graph\":[{\"@type\":\"WebPage\",\"@id\":\"https:\\\/\\\/www.carmeuseoverseas.com\\\/fr\\\/exprimez-vous\\\/\",\"url\":\"https:\\\/\\\/www.carmeuseoverseas.com\\\/fr\\\/exprimez-vous\\\/\",\"name\":\"Exprimez-vous - Carmeuse Overseas\",\"isPartOf\":{\"@id\":\"https:\\\/\\\/www.carmeuseoverseas.com\\\/fr\\\/#website\"},\"datePublished\":\"2023-05-12T07:13:14+00:00\",\"dateModified\":\"2024-12-02T14:39:38+00:00\",\"description\":\"Signalez toute pr\u00e9occupation de conformit\u00e9 via notre formulaire en ligne s\u00e9curis\u00e9. Suivez l'\u00e9volution de votre dossier et soyez inform\u00e9 \u00e0 chaque \u00e9tape\",\"breadcrumb\":{\"@id\":\"https:\\\/\\\/www.carmeuseoverseas.com\\\/fr\\\/exprimez-vous\\\/#breadcrumb\"},\"inLanguage\":\"fr-FR\",\"potentialAction\":[{\"@type\":\"ReadAction\",\"target\":[\"https:\\\/\\\/www.carmeuseoverseas.com\\\/fr\\\/exprimez-vous\\\/\"]}]},{\"@type\":\"BreadcrumbList\",\"@id\":\"https:\\\/\\\/www.carmeuseoverseas.com\\\/fr\\\/exprimez-vous\\\/#breadcrumb\",\"itemListElement\":[{\"@type\":\"ListItem\",\"position\":1,\"name\":\"Home\",\"item\":\"https:\\\/\\\/www.carmeuseoverseas.com\\\/fr\\\/\"},{\"@type\":\"ListItem\",\"position\":2,\"name\":\"Comment s\u2019exprimer?\"}]},{\"@type\":\"WebSite\",\"@id\":\"https:\\\/\\\/www.carmeuseoverseas.com\\\/fr\\\/#website\",\"url\":\"https:\\\/\\\/www.carmeuseoverseas.com\\\/fr\\\/\",\"name\":\"Carmeuse Overseas\",\"description\":\"Lime Supply Revolutionised\",\"potentialAction\":[{\"@type\":\"SearchAction\",\"target\":{\"@type\":\"EntryPoint\",\"urlTemplate\":\"https:\\\/\\\/www.carmeuseoverseas.com\\\/fr\\\/?s={search_term_string}\"},\"query-input\":{\"@type\":\"PropertyValueSpecification\",\"valueRequired\":true,\"valueName\":\"search_term_string\"}}],\"inLanguage\":\"fr-FR\"}]}<\/script>\n<!-- \/ Yoast SEO plugin. -->","yoast_head_json":{"title":"Exprimez-vous - Carmeuse Overseas","description":"Signalez toute pr\u00e9occupation de conformit\u00e9 via notre formulaire en ligne s\u00e9curis\u00e9. Suivez l'\u00e9volution de votre dossier et soyez inform\u00e9 \u00e0 chaque \u00e9tape","robots":{"index":"index","follow":"follow","max-snippet":"max-snippet:-1","max-image-preview":"max-image-preview:large","max-video-preview":"max-video-preview:-1"},"canonical":"https:\/\/www.carmeuseoverseas.com\/fr\/exprimez-vous\/","og_locale":"fr_FR","og_type":"article","og_title":"Exprimez-vous - Carmeuse Overseas","og_description":"Signalez toute pr\u00e9occupation de conformit\u00e9 via notre formulaire en ligne s\u00e9curis\u00e9. Suivez l'\u00e9volution de votre dossier et soyez inform\u00e9 \u00e0 chaque \u00e9tape","og_url":"https:\/\/www.carmeuseoverseas.com\/fr\/exprimez-vous\/","og_site_name":"Carmeuse Overseas","article_modified_time":"2024-12-02T14:39:38+00:00","twitter_card":"summary_large_image","twitter_misc":{"Dur\u00e9e de lecture estim\u00e9e":"3 minutes"},"schema":{"@context":"https:\/\/schema.org","@graph":[{"@type":"WebPage","@id":"https:\/\/www.carmeuseoverseas.com\/fr\/exprimez-vous\/","url":"https:\/\/www.carmeuseoverseas.com\/fr\/exprimez-vous\/","name":"Exprimez-vous - Carmeuse Overseas","isPartOf":{"@id":"https:\/\/www.carmeuseoverseas.com\/fr\/#website"},"datePublished":"2023-05-12T07:13:14+00:00","dateModified":"2024-12-02T14:39:38+00:00","description":"Signalez toute pr\u00e9occupation de conformit\u00e9 via notre formulaire en ligne s\u00e9curis\u00e9. Suivez l'\u00e9volution de votre dossier et soyez inform\u00e9 \u00e0 chaque \u00e9tape","breadcrumb":{"@id":"https:\/\/www.carmeuseoverseas.com\/fr\/exprimez-vous\/#breadcrumb"},"inLanguage":"fr-FR","potentialAction":[{"@type":"ReadAction","target":["https:\/\/www.carmeuseoverseas.com\/fr\/exprimez-vous\/"]}]},{"@type":"BreadcrumbList","@id":"https:\/\/www.carmeuseoverseas.com\/fr\/exprimez-vous\/#breadcrumb","itemListElement":[{"@type":"ListItem","position":1,"name":"Home","item":"https:\/\/www.carmeuseoverseas.com\/fr\/"},{"@type":"ListItem","position":2,"name":"Comment s\u2019exprimer?"}]},{"@type":"WebSite","@id":"https:\/\/www.carmeuseoverseas.com\/fr\/#website","url":"https:\/\/www.carmeuseoverseas.com\/fr\/","name":"Carmeuse Overseas","description":"Lime Supply Revolutionised","potentialAction":[{"@type":"SearchAction","target":{"@type":"EntryPoint","urlTemplate":"https:\/\/www.carmeuseoverseas.com\/fr\/?s={search_term_string}"},"query-input":{"@type":"PropertyValueSpecification","valueRequired":true,"valueName":"search_term_string"}}],"inLanguage":"fr-FR"}]}},"_links":{"self":[{"href":"https:\/\/www.carmeuseoverseas.com\/fr\/wp-json\/wp\/v2\/pages\/1946","targetHints":{"allow":["GET"]}}],"collection":[{"href":"https:\/\/www.carmeuseoverseas.com\/fr\/wp-json\/wp\/v2\/pages"}],"about":[{"href":"https:\/\/www.carmeuseoverseas.com\/fr\/wp-json\/wp\/v2\/types\/page"}],"author":[{"embeddable":true,"href":"https:\/\/www.carmeuseoverseas.com\/fr\/wp-json\/wp\/v2\/users\/1"}],"replies":[{"embeddable":true,"href":"https:\/\/www.carmeuseoverseas.com\/fr\/wp-json\/wp\/v2\/comments?post=1946"}],"version-history":[{"count":14,"href":"https:\/\/www.carmeuseoverseas.com\/fr\/wp-json\/wp\/v2\/pages\/1946\/revisions"}],"predecessor-version":[{"id":4210,"href":"https:\/\/www.carmeuseoverseas.com\/fr\/wp-json\/wp\/v2\/pages\/1946\/revisions\/4210"}],"wp:attachment":[{"href":"https:\/\/www.carmeuseoverseas.com\/fr\/wp-json\/wp\/v2\/media?parent=1946"}],"curies":[{"name":"wp","href":"https:\/\/api.w.org\/{rel}","templated":true}]}}