{"id":1973,"date":"2023-05-12T09:45:02","date_gmt":"2023-05-12T07:45:02","guid":{"rendered":"https:\/\/www.carmeuseoverseas.com\/bulletins-dinformation\/"},"modified":"2026-04-22T16:27:51","modified_gmt":"2026-04-22T14:27:51","slug":"bulletins-dinformation-carmeuse-overseas","status":"publish","type":"page","link":"https:\/\/www.carmeuseoverseas.com\/fr\/bulletins-dinformation-carmeuse-overseas\/","title":{"rendered":"Bulletins d&rsquo;information"},"content":{"rendered":"<div class=\"fusion-fullwidth fullwidth-box fusion-builder-row-1 fusion-flex-container hundred-percent-fullwidth non-hundred-percent-height-scrolling\" style=\"--awb-border-radius-top-left:0px;--awb-border-radius-top-right:0px;--awb-border-radius-bottom-right:0px;--awb-border-radius-bottom-left:0px;--awb-overflow:visible;--awb-padding-bottom:50px;--awb-flex-wrap:wrap;\" ><div class=\"fusion-builder-row fusion-row fusion-flex-align-items-flex-start fusion-flex-content-wrap\" style=\"width:104% !important;max-width:104% !important;margin-left: calc(-4% \/ 2 );margin-right: calc(-4% \/ 2 );\"><div class=\"fusion-layout-column fusion_builder_column fusion-builder-column-0 fusion_builder_column_1_4 1_4 fusion-flex-column\" style=\"--awb-bg-size:cover;--awb-width-large:25%;--awb-margin-top-large:0px;--awb-spacing-right-large:7.68%;--awb-margin-bottom-large:20px;--awb-spacing-left-large:7.68%;--awb-width-medium:100%;--awb-order-medium:0;--awb-spacing-right-medium:1.92%;--awb-spacing-left-medium:1.92%;--awb-width-small:100%;--awb-order-small:0;--awb-spacing-right-small:1.92%;--awb-spacing-left-small:1.92%;\"><div class=\"fusion-column-wrapper fusion-column-has-shadow fusion-flex-justify-content-flex-start fusion-content-layout-column\"><\/div><\/div><div class=\"fusion-layout-column fusion_builder_column fusion-builder-column-1 fusion_builder_column_1_2 1_2 fusion-flex-column\" style=\"--awb-bg-size:cover;--awb-width-large:50%;--awb-margin-top-large:0px;--awb-spacing-right-large:3.84%;--awb-margin-bottom-large:20px;--awb-spacing-left-large:3.84%;--awb-width-medium:100%;--awb-order-medium:0;--awb-spacing-right-medium:1.92%;--awb-spacing-left-medium:1.92%;--awb-width-small:100%;--awb-order-small:0;--awb-spacing-right-small:1.92%;--awb-spacing-left-small:1.92%;\"><div class=\"fusion-column-wrapper fusion-column-has-shadow fusion-flex-justify-content-flex-start fusion-content-layout-column\"><div class=\"fusion-text fusion-text-1\"><p>Votre vie est souvent tr\u00e8s occup\u00e9e et votre temps est pr\u00e9cieux; par cons\u00e9quent, nos newsletters pourraient \u00eatre la solution. Veuillez les consulter ci-dessous pour de br\u00e8ves mises \u00e0 jour sur les activit\u00e9s de Carmeuse Overseas.<\/p>\n<\/div><div class=\"fusion-text fusion-text-2 newsletter-link\"><h4><a href=\"https:\/\/www.carmeuseoverseas.com\/wp-content\/uploads\/2023\/05\/Carmeuse-Newsletter_2023_1.pdf\" target=\"_blank\" rel=\"noopener\">&gt; Bulletin CMO &#8211; Janvier 2023<\/a><\/h4>\n<\/div><div class=\"fusion-text fusion-text-3 newsletter-link\"><h4><a href=\"https:\/\/www.carmeuseoverseas.com\/wp-content\/uploads\/2023\/05\/Carmeuse-Newsletter_2_2023.pdf\" target=\"_blank\" rel=\"noopener\">&gt; Bulletin CMO &#8211; F\u00e9vrier 2023<\/a><\/h4>\n<\/div><div class=\"fusion-text fusion-text-4 newsletter-link\"><h4><a href=\"https:\/\/www.carmeuseoverseas.com\/wp-content\/uploads\/2023\/05\/Carmeuse-Newsletter_3_2023_Option.pdf\" target=\"_blank\" rel=\"noopener\">&gt; Bulletin CMO &#8211; Mars 2023<\/a><\/h4>\n<\/div><div class=\"fusion-text fusion-text-5 newsletter-link\"><h4><a href=\"https:\/\/www.carmeuseoverseas.com\/wp-content\/uploads\/2023\/05\/Carmeuse-Newsletter_4_2023.pdf\" target=\"_blank\" rel=\"noopener\">&gt; Bulletin CMO &#8211; Mai 2023<\/a><\/h4>\n<\/div><div class=\"fusion-text fusion-text-6 newsletter-link\"><h4><a href=\"https:\/\/www.carmeuseoverseas.com\/wp-content\/uploads\/2023\/07\/Newsletter-5-2023-EN.pdf\" target=\"_blank\" rel=\"noopener\">&gt; Bulletin CMO &#8211; Juin 2023<\/a><\/h4>\n<\/div><div class=\"fusion-text fusion-text-7 newsletter-link\"><h4><a href=\"https:\/\/www.carmeuseoverseas.com\/wp-content\/uploads\/2023\/07\/NEWSLETTER-6-EN.pdf\" target=\"_blank\" rel=\"noopener\">&gt; Bulletin CMO &#8211; Juillet 2023<\/a><\/h4>\n<\/div><div class=\"fusion-text fusion-text-8 newsletter-link\"><h4><a href=\"https:\/\/www.carmeuseoverseas.com\/wp-content\/uploads\/2023\/08\/NEWSLETTER-7-EN-2.pdf\" target=\"_blank\" rel=\"noopener\">&gt; Bulletin CMO &#8211; Ao\u00fbt 2023<\/a><\/h4>\n<\/div><div class=\"fusion-text fusion-text-9 newsletter-link\"><h4><a href=\"https:\/\/www.carmeuseoverseas.com\/wp-content\/uploads\/2023\/09\/NEWSLETTER-8-EN.pdf\" target=\"_blank\" rel=\"noopener\">&gt; Bulletin CMO &#8211; Septembre 2023<\/a><\/h4>\n<\/div><div class=\"fusion-text fusion-text-10 newsletter-link\"><h4><a href=\"https:\/\/www.carmeuseoverseas.com\/wp-content\/uploads\/2023\/10\/NEWSLETTER-9-EN.pdf\" target=\"_blank\" rel=\"noopener\">&gt; Bulletin CMO &#8211; Octobre 2023<\/a><\/h4>\n<\/div><div class=\"fusion-text fusion-text-11 newsletter-link\"><h4><a href=\"https:\/\/www.carmeuseoverseas.com\/wp-content\/uploads\/2023\/11\/NEWSLETTER-10-EN.pdf\" target=\"_blank\" rel=\"noopener\">&gt; Bulletin CMO &#8211; Novembre 2023<\/a><\/h4>\n<\/div><div class=\"fusion-text fusion-text-12 newsletter-link\"><h4><a href=\"https:\/\/www.carmeuseoverseas.com\/wp-content\/uploads\/2024\/01\/NEWSLETTER-JAN-EN.pdf\" target=\"_blank\" rel=\"noopener\">&gt; Bulletin CMO &#8211; Janvier 2024<\/a><\/h4>\n<\/div><div class=\"fusion-text fusion-text-13 newsletter-link\"><h4><a href=\"https:\/\/www.carmeuseoverseas.com\/wp-content\/uploads\/2024\/02\/NEWSLETTER-FEB-EN.pdf\" target=\"_blank\" rel=\"noopener\">&gt; Bulletin CMO &#8211; F\u00e9vrier 2024<\/a><\/h4>\n<\/div><div class=\"fusion-text fusion-text-14 newsletter-link\"><h4><a href=\"https:\/\/www.carmeuseoverseas.com\/wp-content\/uploads\/2024\/04\/NEWSLETTER-APR-EN.pdf\" target=\"_blank\" rel=\"noopener\">&gt; Bulletin CMO &#8211; Avril 2024<\/a><\/h4>\n<\/div><div class=\"fusion-text fusion-text-15 newsletter-link\"><h4><a href=\"https:\/\/www.carmeuseoverseas.com\/wp-content\/uploads\/2024\/05\/NEWSLETTER-MAY-EN-1.pdf\" target=\"_blank\" rel=\"noopener\">&gt; Bulletin CMO &#8211; Mai 2024<\/a><\/h4>\n<\/div><div class=\"fusion-text fusion-text-16 newsletter-link\"><h4><a href=\"https:\/\/www.carmeuseoverseas.com\/wp-content\/uploads\/2024\/07\/NEWSLETTER-JUNE-EN.pdf\" target=\"_blank\" rel=\"noopener\">&gt; Bulletin CMO &#8211; Juin 2024<\/a><\/h4>\n<\/div><div class=\"fusion-text fusion-text-17 newsletter-link\"><h4><a href=\"https:\/\/www.carmeuseoverseas.com\/wp-content\/uploads\/2024\/07\/NEWSLETTER-JULY-EN.pdf\" target=\"_blank\" rel=\"noopener\">&gt; Bulletin CMO &#8211; Juillet 2024<\/a><\/h4>\n<\/div><div class=\"fusion-text fusion-text-18 newsletter-link\"><h4><a href=\"https:\/\/www.carmeuseoverseas.com\/wp-content\/uploads\/2024\/09\/NEWSLETTER-AUG-EN.pdf\" target=\"_blank\" rel=\"noopener\">&gt; Bulletin CMO &#8211; Ao\u00fbt 2024<\/a><\/h4>\n<\/div><div class=\"fusion-text fusion-text-19 newsletter-link\"><h4><a href=\"https:\/\/www.carmeuseoverseas.com\/wp-content\/uploads\/2024\/10\/NEWSLETTER-SEPT-OCT-EN.pdf\" target=\"_blank\" rel=\"noopener\">&gt; Bulletin CMO &#8211; Septembre 2024<\/a><\/h4>\n<\/div><div class=\"fusion-text fusion-text-20 newsletter-link\"><h4><a href=\"https:\/\/www.carmeuseoverseas.com\/wp-content\/uploads\/2024\/11\/NEWSLETTER-OCTOBER-EN.pdf\" target=\"_blank\" rel=\"noopener\">&gt; Bulletin CMO &#8211; Octobre 2024<\/a><\/h4>\n<p>&nbsp;<\/p>\n<\/div><div class=\"fusion-text fusion-text-21\" style=\"--awb-text-color:#2ba0a3;\"><p data-pm-slice=\"1 1 &#091;&#093;\"><a href=\"https:\/\/www.carmeuseoverseas.com\/wp-content\/uploads\/2024\/12\/NEWSLETTER-DECEMBER-FR.pdf.pdf\">&gt; Bulletin CMO &#8211; D\u00e9cembre 2024<\/a><\/p>\n<\/div><div class=\"fusion-text fusion-text-22\" style=\"--awb-text-color:#2ba0a3;\"><p data-pm-slice=\"1 1 &#091;&#093;\">&gt; <a href=\"https:\/\/www.carmeuseoverseas.com\/wp-content\/uploads\/2025\/01\/NEWSLETTER-JANUARY-FR.pdf.pdf\">Bulletin CMO &#8211; Janvier 2025<\/a><\/p>\n<\/div><div class=\"fusion-text fusion-text-23\" style=\"--awb-text-color:#2ba0a3;\"><p data-pm-slice=\"1 1 &#091;&#093;\"><a href=\"https:\/\/www.carmeuseoverseas.com\/wp-content\/uploads\/2025\/02\/FR-NEWSLETTER-FEB-2025-2.pdf-2.pdf\">&gt; Bulletin CMO &#8211; F\u00e9vrier 2025<\/a><\/p>\n<\/div><div class=\"fusion-text fusion-text-24\" style=\"--awb-text-color:#2ba0a3;\"><p data-pm-slice=\"1 1 &#091;&#093;\"><a href=\"https:\/\/www.carmeuseoverseas.com\/wp-content\/uploads\/2025\/03\/FR-NEWSLETTER-MAR-2025.pdf\">&gt; Bulletin CMO &#8211; Mars 2025<\/a><\/p>\n<\/div><div class=\"fusion-text fusion-text-25\" style=\"--awb-text-color:#2ba0a3;\"><p data-pm-slice=\"1 1 &#091;&#093;\"><a href=\"https:\/\/www.carmeuseoverseas.com\/wp-content\/uploads\/2025\/04\/FR-UltraLime-NEWSLETTER-2025.pdf\">&gt; Bulletin CMO &#8211; UltraLime 1 2025<\/a><\/p>\n<\/div><div class=\"fusion-text fusion-text-26\" style=\"--awb-text-color:#2ba0a3;\"><p data-pm-slice=\"1 1 &#091;&#093;\"><a href=\"https:\/\/www.carmeuseoverseas.com\/wp-content\/uploads\/2025\/05\/FR-NEWSLETTER-MAY-2025.pdf\">&gt; Bulletin CMO &#8211; Mai 2025<\/a><\/p>\n<\/div><div class=\"fusion-text fusion-text-27\" style=\"--awb-text-color:#2ba0a3;\"><p data-pm-slice=\"1 1 &#091;&#093;\"><a href=\"https:\/\/www.carmeuseoverseas.com\/wp-content\/uploads\/2025\/06\/FR-NEWSLETTER-JUN-2025.pdf\">&gt; Bulletin CMO &#8211; Juin 2025<\/a><\/p>\n<\/div><div class=\"fusion-text fusion-text-28\" style=\"--awb-text-color:#2ba0a3;\"><p data-pm-slice=\"1 1 &#091;&#093;\"><a href=\"https:\/\/www.carmeuseoverseas.com\/wp-content\/uploads\/2025\/07\/FR-NEWSLETTER-JUL-2025.pdf\">&gt; Bulletin CMO &#8211; Juillet 2025<\/a><\/p>\n<\/div><div class=\"fusion-text fusion-text-29\" style=\"--awb-text-color:#2ba0a3;\"><p data-pm-slice=\"1 1 &#091;&#093;\"><a href=\"https:\/\/www.carmeuseoverseas.com\/wp-content\/uploads\/2025\/08\/FR-NEWSLETTER-AUG-2025.pdf\">&gt; Bulletin CMO &#8211; Ao\u00fbt 2025<\/a><\/p>\n<\/div><div class=\"fusion-text fusion-text-30\" style=\"--awb-text-color:#2ba0a3;\"><p data-pm-slice=\"1 1 &#091;&#093;\"><a href=\"https:\/\/www.carmeuseoverseas.com\/wp-content\/uploads\/2025\/09\/FR-NEWSLETTER-SEP-2025.pdf\">&gt; Bulletin CMO &#8211; Septembre 2025<\/a><\/p>\n<\/div><div class=\"fusion-text fusion-text-31\" style=\"--awb-text-color:#2ba0a3;\"><p data-pm-slice=\"1 1 &#091;&#093;\"><a href=\"https:\/\/www.carmeuseoverseas.com\/wp-content\/uploads\/2025\/10\/FR-NEWSLETTER-OCT-2025-1.pdf\">&gt; Bulletin CMO &#8211; Octobre 2025<\/a><\/p>\n<\/div><div class=\"fusion-text fusion-text-32\" style=\"--awb-text-color:#2ba0a3;\"><p data-pm-slice=\"1 1 &#091;&#093;\"><a href=\"https:\/\/www.carmeuseoverseas.com\/wp-content\/uploads\/2025\/11\/FR-NEWSLETTER-NOV-2025.pdf\">&gt; Bulletin CMO &#8211; Novembre 2025<\/a><\/p>\n<\/div><div class=\"fusion-text fusion-text-33\" style=\"--awb-text-color:#2ba0a3;\"><p data-pm-slice=\"1 1 &#091;&#093;\"><a href=\"https:\/\/www.carmeuseoverseas.com\/wp-content\/uploads\/2025\/12\/FR-NEWSLETTER-DEC-25.pdf\">&gt; Bulletin CMO &#8211; D\u00e9cembre 2025<\/a><\/p>\n<\/div><div class=\"fusion-text fusion-text-34\" style=\"--awb-text-color:#2ba0a3;\"><p data-pm-slice=\"1 1 &#091;&#093;\"><a href=\"https:\/\/www.carmeuseoverseas.com\/wp-content\/uploads\/2026\/01\/FR-NEWSLETTER-JAN-26.pdf\">&gt; Bulletin CMO &#8211; Janvier 2026<\/a><\/p>\n<\/div><div class=\"fusion-text fusion-text-35\" style=\"--awb-text-color:#2ba0a3;\"><p data-pm-slice=\"1 1 &#091;&#093;\"><a href=\"https:\/\/www.carmeuseoverseas.com\/wp-content\/uploads\/2026\/03\/FR-NEWSLETTER-FEB-26.pdf\">&gt; Bulletin CMO &#8211; F\u00e9vrier 2026<\/a><\/p>\n<\/div><div class=\"fusion-text fusion-text-36\" style=\"--awb-text-color:#2ba0a3;\"><p data-pm-slice=\"1 1 &#091;&#093;\"><a href=\"https:\/\/www.carmeuseoverseas.com\/wp-content\/uploads\/2026\/03\/FR-NEWSLETTER-MAR-26.pdf\">&gt; Bulletin CMO &#8211; Mars 2026<\/a><\/p>\n<\/div><div class=\"fusion-text fusion-text-37\" style=\"--awb-text-color:#2ba0a3;\"><p data-pm-slice=\"1 1 &#091;&#093;\"><a href=\"https:\/\/www.carmeuseoverseas.com\/wp-content\/uploads\/2026\/04\/FR-NEWSLETTER-AVR-26.pdf\">&gt; Bulletin CMO &#8211; Avril 2026<\/a><\/p>\n<\/div><\/div><\/div><div class=\"fusion-layout-column fusion_builder_column fusion-builder-column-2 fusion_builder_column_1_4 1_4 fusion-flex-column\" style=\"--awb-bg-size:cover;--awb-width-large:25%;--awb-margin-top-large:0px;--awb-spacing-right-large:7.68%;--awb-margin-bottom-large:20px;--awb-spacing-left-large:7.68%;--awb-width-medium:100%;--awb-order-medium:0;--awb-spacing-right-medium:1.92%;--awb-spacing-left-medium:1.92%;--awb-width-small:100%;--awb-order-small:0;--awb-spacing-right-small:1.92%;--awb-spacing-left-small:1.92%;\"><div class=\"fusion-column-wrapper fusion-column-has-shadow fusion-flex-justify-content-flex-start fusion-content-layout-column\"><\/div><\/div><\/div><\/div>\n","protected":false},"excerpt":{"rendered":"","protected":false},"author":1,"featured_media":0,"parent":0,"menu_order":0,"comment_status":"closed","ping_status":"open","template":"","meta":{"two_page_speed":[],"footnotes":""},"class_list":["post-1973","page","type-page","status-publish","hentry"],"yoast_head":"<!-- This site is optimized with the Yoast SEO plugin v27.4 - https:\/\/yoast.com\/product\/yoast-seo-wordpress\/ -->\n<title>Bulletins d&#039;information - Carmeuse Overseas<\/title>\n<meta name=\"description\" content=\"Recevez des mises \u00e0 jour de CMO sous forme de courts extraits digestibles via nos bulletins mensuels. Lisez nos derni\u00e8res activit\u00e9s.\" \/>\n<meta name=\"robots\" content=\"index, follow, max-snippet:-1, max-image-preview:large, max-video-preview:-1\" \/>\n<link rel=\"canonical\" href=\"https:\/\/www.carmeuseoverseas.com\/fr\/bulletins-dinformation-carmeuse-overseas\/\" \/>\n<meta property=\"og:locale\" content=\"fr_FR\" \/>\n<meta property=\"og:type\" content=\"article\" \/>\n<meta property=\"og:title\" content=\"Bulletins d&#039;information - Carmeuse Overseas\" \/>\n<meta property=\"og:description\" content=\"Recevez des mises \u00e0 jour de CMO sous forme de courts extraits digestibles via nos bulletins mensuels. Lisez nos derni\u00e8res activit\u00e9s.\" \/>\n<meta property=\"og:url\" content=\"https:\/\/www.carmeuseoverseas.com\/fr\/bulletins-dinformation-carmeuse-overseas\/\" \/>\n<meta property=\"og:site_name\" content=\"Carmeuse Overseas\" \/>\n<meta property=\"article:modified_time\" content=\"2026-04-22T14:27:51+00:00\" \/>\n<meta name=\"twitter:card\" content=\"summary_large_image\" \/>\n<meta name=\"twitter:label1\" content=\"Dur\u00e9e de lecture estim\u00e9e\" \/>\n\t<meta name=\"twitter:data1\" content=\"1 minute\" \/>\n<script type=\"application\/ld+json\" class=\"yoast-schema-graph\">{\"@context\":\"https:\\\/\\\/schema.org\",\"@graph\":[{\"@type\":\"WebPage\",\"@id\":\"https:\\\/\\\/www.carmeuseoverseas.com\\\/fr\\\/bulletins-dinformation-carmeuse-overseas\\\/\",\"url\":\"https:\\\/\\\/www.carmeuseoverseas.com\\\/fr\\\/bulletins-dinformation-carmeuse-overseas\\\/\",\"name\":\"Bulletins d'information - Carmeuse Overseas\",\"isPartOf\":{\"@id\":\"https:\\\/\\\/www.carmeuseoverseas.com\\\/fr\\\/#website\"},\"datePublished\":\"2023-05-12T07:45:02+00:00\",\"dateModified\":\"2026-04-22T14:27:51+00:00\",\"description\":\"Recevez des mises \u00e0 jour de CMO sous forme de courts extraits digestibles via nos bulletins mensuels. Lisez nos derni\u00e8res activit\u00e9s.\",\"breadcrumb\":{\"@id\":\"https:\\\/\\\/www.carmeuseoverseas.com\\\/fr\\\/bulletins-dinformation-carmeuse-overseas\\\/#breadcrumb\"},\"inLanguage\":\"fr-FR\",\"potentialAction\":[{\"@type\":\"ReadAction\",\"target\":[\"https:\\\/\\\/www.carmeuseoverseas.com\\\/fr\\\/bulletins-dinformation-carmeuse-overseas\\\/\"]}]},{\"@type\":\"BreadcrumbList\",\"@id\":\"https:\\\/\\\/www.carmeuseoverseas.com\\\/fr\\\/bulletins-dinformation-carmeuse-overseas\\\/#breadcrumb\",\"itemListElement\":[{\"@type\":\"ListItem\",\"position\":1,\"name\":\"Home\",\"item\":\"https:\\\/\\\/www.carmeuseoverseas.com\\\/fr\\\/\"},{\"@type\":\"ListItem\",\"position\":2,\"name\":\"Bulletins d&#8217;information\"}]},{\"@type\":\"WebSite\",\"@id\":\"https:\\\/\\\/www.carmeuseoverseas.com\\\/fr\\\/#website\",\"url\":\"https:\\\/\\\/www.carmeuseoverseas.com\\\/fr\\\/\",\"name\":\"Carmeuse Overseas\",\"description\":\"Lime Supply Revolutionised\",\"potentialAction\":[{\"@type\":\"SearchAction\",\"target\":{\"@type\":\"EntryPoint\",\"urlTemplate\":\"https:\\\/\\\/www.carmeuseoverseas.com\\\/fr\\\/?s={search_term_string}\"},\"query-input\":{\"@type\":\"PropertyValueSpecification\",\"valueRequired\":true,\"valueName\":\"search_term_string\"}}],\"inLanguage\":\"fr-FR\"}]}<\/script>\n<!-- \/ Yoast SEO plugin. -->","yoast_head_json":{"title":"Bulletins d'information - Carmeuse Overseas","description":"Recevez des mises \u00e0 jour de CMO sous forme de courts extraits digestibles via nos bulletins mensuels. Lisez nos derni\u00e8res activit\u00e9s.","robots":{"index":"index","follow":"follow","max-snippet":"max-snippet:-1","max-image-preview":"max-image-preview:large","max-video-preview":"max-video-preview:-1"},"canonical":"https:\/\/www.carmeuseoverseas.com\/fr\/bulletins-dinformation-carmeuse-overseas\/","og_locale":"fr_FR","og_type":"article","og_title":"Bulletins d'information - Carmeuse Overseas","og_description":"Recevez des mises \u00e0 jour de CMO sous forme de courts extraits digestibles via nos bulletins mensuels. Lisez nos derni\u00e8res activit\u00e9s.","og_url":"https:\/\/www.carmeuseoverseas.com\/fr\/bulletins-dinformation-carmeuse-overseas\/","og_site_name":"Carmeuse Overseas","article_modified_time":"2026-04-22T14:27:51+00:00","twitter_card":"summary_large_image","twitter_misc":{"Dur\u00e9e de lecture estim\u00e9e":"1 minute"},"schema":{"@context":"https:\/\/schema.org","@graph":[{"@type":"WebPage","@id":"https:\/\/www.carmeuseoverseas.com\/fr\/bulletins-dinformation-carmeuse-overseas\/","url":"https:\/\/www.carmeuseoverseas.com\/fr\/bulletins-dinformation-carmeuse-overseas\/","name":"Bulletins d'information - Carmeuse Overseas","isPartOf":{"@id":"https:\/\/www.carmeuseoverseas.com\/fr\/#website"},"datePublished":"2023-05-12T07:45:02+00:00","dateModified":"2026-04-22T14:27:51+00:00","description":"Recevez des mises \u00e0 jour de CMO sous forme de courts extraits digestibles via nos bulletins mensuels. Lisez nos derni\u00e8res activit\u00e9s.","breadcrumb":{"@id":"https:\/\/www.carmeuseoverseas.com\/fr\/bulletins-dinformation-carmeuse-overseas\/#breadcrumb"},"inLanguage":"fr-FR","potentialAction":[{"@type":"ReadAction","target":["https:\/\/www.carmeuseoverseas.com\/fr\/bulletins-dinformation-carmeuse-overseas\/"]}]},{"@type":"BreadcrumbList","@id":"https:\/\/www.carmeuseoverseas.com\/fr\/bulletins-dinformation-carmeuse-overseas\/#breadcrumb","itemListElement":[{"@type":"ListItem","position":1,"name":"Home","item":"https:\/\/www.carmeuseoverseas.com\/fr\/"},{"@type":"ListItem","position":2,"name":"Bulletins d&#8217;information"}]},{"@type":"WebSite","@id":"https:\/\/www.carmeuseoverseas.com\/fr\/#website","url":"https:\/\/www.carmeuseoverseas.com\/fr\/","name":"Carmeuse Overseas","description":"Lime Supply Revolutionised","potentialAction":[{"@type":"SearchAction","target":{"@type":"EntryPoint","urlTemplate":"https:\/\/www.carmeuseoverseas.com\/fr\/?s={search_term_string}"},"query-input":{"@type":"PropertyValueSpecification","valueRequired":true,"valueName":"search_term_string"}}],"inLanguage":"fr-FR"}]}},"_links":{"self":[{"href":"https:\/\/www.carmeuseoverseas.com\/fr\/wp-json\/wp\/v2\/pages\/1973","targetHints":{"allow":["GET"]}}],"collection":[{"href":"https:\/\/www.carmeuseoverseas.com\/fr\/wp-json\/wp\/v2\/pages"}],"about":[{"href":"https:\/\/www.carmeuseoverseas.com\/fr\/wp-json\/wp\/v2\/types\/page"}],"author":[{"embeddable":true,"href":"https:\/\/www.carmeuseoverseas.com\/fr\/wp-json\/wp\/v2\/users\/1"}],"replies":[{"embeddable":true,"href":"https:\/\/www.carmeuseoverseas.com\/fr\/wp-json\/wp\/v2\/comments?post=1973"}],"version-history":[{"count":51,"href":"https:\/\/www.carmeuseoverseas.com\/fr\/wp-json\/wp\/v2\/pages\/1973\/revisions"}],"predecessor-version":[{"id":4840,"href":"https:\/\/www.carmeuseoverseas.com\/fr\/wp-json\/wp\/v2\/pages\/1973\/revisions\/4840"}],"wp:attachment":[{"href":"https:\/\/www.carmeuseoverseas.com\/fr\/wp-json\/wp\/v2\/media?parent=1973"}],"curies":[{"name":"wp","href":"https:\/\/api.w.org\/{rel}","templated":true}]}}